{"id":1148,"date":"2024-06-07T10:01:07","date_gmt":"2024-06-07T08:01:07","guid":{"rendered":"https:\/\/werkenbijrve.nl\/haufig-gestellte-fragen\/"},"modified":"2024-12-04T10:39:28","modified_gmt":"2024-12-04T08:39:28","slug":"haufig-gestellte-fragen","status":"publish","type":"page","link":"https:\/\/werkenbijrve.nl\/de\/haufig-gestellte-fragen\/","title":{"rendered":"H\u00e4ufig gestellte Fragen"},"content":{"rendered":"<p>[et_pb_section fb_built=&#8220;1&#8243; admin_label=&#8220;Course Hero&#8220; _builder_version=&#8220;4.20.2&#8243; background_color=&#8220;RGBA(255,255,255,0)&#8220; background_image=&#8220;https:\/\/werkenbijrve.nl\/wp-content\/uploads\/2024\/06\/RVE4442.jpg&#8220; background_blend=&#8220;overlay&#8220; background_enable_video_mp4=&#8220;off&#8220; height=&#8220;750px&#8220; custom_margin=&#8220;-132px||||false|false&#8220; custom_padding=&#8220;200px|0px|200px|0px|true|false&#8220; animation_style=&#8220;slide&#8220; animation_direction=&#8220;top&#8220; animation_intensity_slide=&#8220;2%&#8220; locked=&#8220;off&#8220; global_colors_info=&#8220;{}&#8220;][et_pb_row column_structure=&#8220;1_2,1_2&#8243; _builder_version=&#8220;4.20.2&#8243; background_color=&#8220;RGBA(255,255,255,0)&#8220; custom_margin=&#8220;||||false|false&#8220; custom_width_px=&#8220;1280px&#8220; global_colors_info=&#8220;{}&#8220;][et_pb_column type=&#8220;1_2&#8243; _builder_version=&#8220;4.20.2&#8243; background_color=&#8220;RGBA(255,255,255,0)&#8220; custom_padding=&#8220;|||&#8220; global_colors_info=&#8220;{}&#8220; custom_padding__hover=&#8220;|||&#8220;][et_pb_text _builder_version=&#8220;4.27.4&#8243; header_font=&#8220;Raleway||||||||&#8220; header_font_size=&#8220;24px&#8220; header_line_height=&#8220;1.3em&#8220; background_layout=&#8220;dark&#8220; custom_padding=&#8220;|||&#8220; header_font_size_tablet=&#8220;&#8220; header_font_size_phone=&#8220;&#8220; header_font_size_last_edited=&#8220;on|desktop&#8220; locked=&#8220;off&#8220; global_colors_info=&#8220;{}&#8220;]<\/p>\n<h1>H\u00e4ufig gestellte Fragen<\/h1>\n<p>[\/et_pb_text][et_pb_text _builder_version=&#8220;4.27.4&#8243; text_text_color=&#8220;#d4ccff&#8220; text_font_size=&#8220;16px&#8220; text_line_height=&#8220;1.9em&#8220; header_2_font=&#8220;Raleway|800|||||||&#8220; header_2_text_color=&#8220;#FFFFFF&#8220; header_2_font_size=&#8220;56px&#8220; locked=&#8220;off&#8220; global_colors_info=&#8220;{}&#8220;]<\/p>\n<h2>FAQ<\/h2>\n<p>[\/et_pb_text][\/et_pb_column][et_pb_column type=&#8220;1_2&#8243; _builder_version=&#8220;4.20.2&#8243; background_color=&#8220;RGBA(255,255,255,0)&#8220; custom_padding=&#8220;|||&#8220; global_colors_info=&#8220;{}&#8220; custom_padding__hover=&#8220;|||&#8220;][\/et_pb_column][\/et_pb_row][\/et_pb_section][et_pb_section fb_built=&#8220;1&#8243; _builder_version=&#8220;4.20.2&#8243; _module_preset=&#8220;default&#8220; global_colors_info=&#8220;{}&#8220;][et_pb_row use_custom_gutter=&#8220;on&#8220; gutter_width=&#8220;2&#8243; make_equal=&#8220;on&#8220; _builder_version=&#8220;4.27.4&#8243; _module_preset=&#8220;default&#8220; background_color=&#8220;#edf5fc&#8220; custom_margin=&#8220;||0px||false|false&#8220; custom_padding=&#8220;0px||0px||false|false&#8220; border_radii=&#8220;on|8px|8px|8px|8px&#8220; global_colors_info=&#8220;{}&#8220;][et_pb_column type=&#8220;4_4&#8243; _builder_version=&#8220;4.20.2&#8243; _module_preset=&#8220;default&#8220; background_color=&#8220;RGBA(255,255,255,0)&#8220; custom_padding=&#8220;||||false|false&#8220; border_radii=&#8220;on|25px|25px|25px|25px&#8220; global_colors_info=&#8220;{}&#8220;][et_pb_text _builder_version=&#8220;4.27.4&#8243; text_text_color=&#8220;#d4ccff&#8220; text_font_size=&#8220;16px&#8220; text_line_height=&#8220;1.9em&#8220; header_2_font=&#8220;Raleway|800|||||||&#8220; header_2_text_color=&#8220;#FFFFFF&#8220; header_2_font_size=&#8220;48px&#8220; custom_margin=&#8220;50px|25px||25px|false|true&#8220; custom_padding=&#8220;||||false|false&#8220; header_2_font_size_tablet=&#8220;48px&#8220; header_2_font_size_phone=&#8220;40px&#8220; header_2_font_size_last_edited=&#8220;on|phone&#8220; locked=&#8220;off&#8220; global_colors_info=&#8220;{}&#8220;]<\/p>\n<h2><span style=\"color: #02203c;\">FAQ<\/span><\/h2>\n<p>[\/et_pb_text][et_pb_toggle title=&#8220;Ich habe nur einen F\u00fchrerschein (B oder C mit Code 95). Kann ich mich bewerben?&#8220; open_toggle_text_color=&#8220;#02203c&#8220; icon_color=&#8220;#004289&#8243; open_icon_color=&#8220;#004289&#8243; _builder_version=&#8220;4.27.4&#8243; _module_preset=&#8220;default&#8220; title_text_color=&#8220;#02203c&#8220; title_font=&#8220;Lato|600|||||||&#8220; title_font_size=&#8220;18px&#8220; closed_title_font=&#8220;Lato||||||||&#8220; closed_title_font_size=&#8220;18px&#8220; body_font=&#8220;Lato||||||||&#8220; body_font_size=&#8220;18px&#8220; background_color=&#8220;#edf5fc&#8220; custom_margin=&#8220;|25px||25px|false|true&#8220; hover_enabled=&#8220;0&#8243; global_colors_info=&#8220;{}&#8220; body_text_color=&#8220;#02203c&#8220; sticky_enabled=&#8220;0&#8243;]<\/p>\n<p>F\u00fcr die meisten Stellenangebote bei uns ist ein C- oder CE-F\u00fchrerschein erforderlich. F\u00fcr Bewerber mit einem C-F\u00fchrerschein gibt es die M\u00f6glichkeit, den CE-F\u00fchrerschein bei uns zu erwerben. Informieren Sie sich in unseren <a href=\"https:\/\/werkenbijrve.nl\/vacatures\/\" target=\"_blank\" rel=\"noopener\">aktuellen Stellenangebote<\/a> an, um den aktuellen Bedarf.<\/p>\n<p>[\/et_pb_toggle][et_pb_toggle title=&#8220;Ich habe keine Erfahrung in der Blumen- und Pflanzenbranche. Kann ich mich bei Ihnen bewerben?&#8220; open_toggle_text_color=&#8220;#02203c&#8220; icon_color=&#8220;#004289&#8243; open_icon_color=&#8220;#004289&#8243; _builder_version=&#8220;4.27.4&#8243; _module_preset=&#8220;default&#8220; title_text_color=&#8220;#02203c&#8220; title_font=&#8220;Lato|600|||||||&#8220; title_font_size=&#8220;18px&#8220; closed_title_font=&#8220;Lato||||||||&#8220; closed_title_font_size=&#8220;18px&#8220; body_font=&#8220;Lato||||||||&#8220; body_font_size=&#8220;18px&#8220; background_color=&#8220;#edf5fc&#8220; custom_margin=&#8220;-15px|25px||25px|false|true&#8220; hover_enabled=&#8220;0&#8243; global_colors_info=&#8220;{}&#8220; body_text_color=&#8220;#02203c&#8220; sticky_enabled=&#8220;0&#8243;]<\/p>\n<p>Sollten Sie keine Erfahrung haben, ist es kein Problem. RVE hat ein umfangreiches Einarbeitungsprogramm, so dass auch Kandidaten ohne Erfahrung die M\u00f6glichkeit bekommen um bei uns zu arbeiten.<\/p>\n<p>[\/et_pb_toggle][et_pb_toggle title=&#8220;Ist es m\u00f6glich, als selbst\u00e4ndiger Transportunternehmer anzufangen (auf selbst\u00e4ndiger Basis)?&#8220; open_toggle_text_color=&#8220;#02203c&#8220; icon_color=&#8220;#004289&#8243; open_icon_color=&#8220;#004289&#8243; _builder_version=&#8220;4.27.0&#8243; _module_preset=&#8220;default&#8220; title_text_color=&#8220;#02203c&#8220; title_font=&#8220;Lato|600|||||||&#8220; title_font_size=&#8220;18px&#8220; closed_title_font=&#8220;Lato||||||||&#8220; closed_title_font_size=&#8220;18px&#8220; body_font=&#8220;Lato||||||||&#8220; body_font_size=&#8220;18px&#8220; custom_margin=&#8220;-15px|25px||25px|false|true&#8220; global_colors_info=&#8220;{}&#8220; background_color=&#8220;#edf5fc&#8220; body_text_color=&#8220;#02203c&#8220;]<\/p>\n<p>Ja, wir arbeiten regelm\u00e4\u00dfig mit Freiberuflern zusammen, um freie Stellen aufgrund von Urlaub und Krankheit zu besetzen. Bitte erkundigen Sie sich bei uns nach den M\u00f6glichkeiten.<\/p>\n<p>[\/et_pb_toggle][et_pb_toggle title=&#8220;Ist es auch m\u00f6glich, im Einmannbetrieb zu fahren?&#8220; open_toggle_text_color=&#8220;#02203c&#8220; icon_color=&#8220;#004289&#8243; open_icon_color=&#8220;#004289&#8243; _builder_version=&#8220;4.27.0&#8243; _module_preset=&#8220;default&#8220; title_text_color=&#8220;#02203c&#8220; title_font=&#8220;Lato|600|||||||&#8220; title_font_size=&#8220;18px&#8220; closed_title_font=&#8220;Lato||||||||&#8220; closed_title_font_size=&#8220;18px&#8220; body_font=&#8220;Lato||||||||&#8220; body_font_size=&#8220;18px&#8220; custom_margin=&#8220;-15px|25px||25px|false|true&#8220; global_colors_info=&#8220;{}&#8220; background_color=&#8220;#edf5fc&#8220; body_text_color=&#8220;#02203c&#8220;]<\/p>\n<p>In Belgien bieten wir Fahrten im Einmannbetrieb an. Diese Fahrten werden mit einem Transporter oder Kastenwagen gefahren und erfordern einen F\u00fchrerschein der Klasse B oder C. Fahrten nach Deutschland werden aufgrund der Entfernung immer im Zweiergespann gefahren. Wir verwenden Kastenwagen mit Anh\u00e4nger und ben\u00f6tigen einen CE-F\u00fchrerschein.<\/p>\n<p>[\/et_pb_toggle][et_pb_toggle title=&#8220;Besteht der Job nur aus Fahren und Ausliefern der Produkte oder auch aus dem Verkauf der Produkte?&#8220; open_toggle_text_color=&#8220;#02203c&#8220; icon_color=&#8220;#004289&#8243; open_icon_color=&#8220;#004289&#8243; _builder_version=&#8220;4.27.0&#8243; _module_preset=&#8220;default&#8220; title_text_color=&#8220;#02203c&#8220; title_font=&#8220;Lato|600|||||||&#8220; title_font_size=&#8220;18px&#8220; closed_title_font=&#8220;Lato||||||||&#8220; closed_title_font_size=&#8220;18px&#8220; body_font=&#8220;Lato||||||||&#8220; body_font_size=&#8220;18px&#8220; custom_margin=&#8220;-15px|25px||25px|false|true&#8220; global_colors_info=&#8220;{}&#8220; background_color=&#8220;#edf5fc&#8220; body_text_color=&#8220;#02203c&#8220;]<\/p>\n<p>Bei RVE sind Sie nicht nur ein normaler Fahrer, sondern auch ein Verk\u00e4ufer von Blumen und Pflanzen.<\/p>\n<p>[\/et_pb_toggle][et_pb_toggle title=&#8220;Wo hat RVE Stellpl\u00e4tze?&#8220; open_toggle_text_color=&#8220;#02203c&#8220; icon_color=&#8220;#004289&#8243; open_icon_color=&#8220;#004289&#8243; _builder_version=&#8220;4.27.0&#8243; _module_preset=&#8220;default&#8220; title_text_color=&#8220;#02203c&#8220; title_font=&#8220;Lato|600|||||||&#8220; title_font_size=&#8220;18px&#8220; closed_title_font=&#8220;Lato||||||||&#8220; closed_title_font_size=&#8220;18px&#8220; body_font=&#8220;Lato||||||||&#8220; body_font_size=&#8220;18px&#8220; custom_margin=&#8220;-15px|25px||25px|false|true&#8220; global_colors_info=&#8220;{}&#8220; body_text_color=&#8220;#02203c&#8220; background_color=&#8220;#edf5fc&#8220;]<\/p>\n<p>Die meisten Touren unseres Unternehmens starten in Rijnsburg. Wir haben auch 3 andere Abfahrtsorte, n\u00e4mlich Hazeldonk (belgische Grenze), Marktheidenfeld und in der N\u00e4he von M\u00fcnchen.<\/p>\n<p>[\/et_pb_toggle][et_pb_toggle title=&#8220;Sind die Touren national oder international?&#8220; open_toggle_text_color=&#8220;#02203c&#8220; icon_color=&#8220;#004289&#8243; open_icon_color=&#8220;#004289&#8243; _builder_version=&#8220;4.27.0&#8243; _module_preset=&#8220;default&#8220; title_text_color=&#8220;#02203c&#8220; title_font=&#8220;Lato|600|||||||&#8220; title_font_size=&#8220;18px&#8220; closed_title_font=&#8220;Lato||||||||&#8220; closed_title_font_size=&#8220;18px&#8220; body_font=&#8220;Lato||||||||&#8220; body_font_size=&#8220;18px&#8220; custom_margin=&#8220;-15px|25px||25px|false|true&#8220; global_colors_info=&#8220;{}&#8220; body_text_color=&#8220;#02203c&#8220; background_color=&#8220;#edf5fc&#8220;]<\/p>\n<p>International. RVE f\u00e4hrt nach Deutschland und Belgien.<\/p>\n<p>[\/et_pb_toggle][et_pb_toggle title=&#8220;Wie lang dauern die Fahrten?&#8220; open_toggle_text_color=&#8220;#02203c&#8220; icon_color=&#8220;#004289&#8243; open_icon_color=&#8220;#004289&#8243; _builder_version=&#8220;4.27.0&#8243; _module_preset=&#8220;default&#8220; title_text_color=&#8220;#02203c&#8220; title_font=&#8220;Lato|600|||||||&#8220; title_font_size=&#8220;18px&#8220; closed_title_font=&#8220;Lato||||||||&#8220; closed_title_font_size=&#8220;18px&#8220; body_font=&#8220;Lato||||||||&#8220; body_font_size=&#8220;18px&#8220; custom_margin=&#8220;-15px|25px||25px|false|true&#8220; global_colors_info=&#8220;{}&#8220; background_color=&#8220;#edf5fc&#8220; body_text_color=&#8220;#02203c&#8220;]<\/p>\n<p>Das h\u00e4ngt von der jeweiligen Tour ab, aber die meisten Fahrten nach Deutschland starten am Montagmorgen (sehr fr\u00fch) und kehren am Donnerstag im Laufe des Tages zur\u00fcck. Die Fahrten nach Belgien starten ebenfalls am fr\u00fchen Montagmorgen und kehren am Dienstag im Laufe des Tages zur\u00fcck. Mittwoch ist ein freier Tag. Und die zweite Fahrt in der Woche ist von Donnerstagmorgen bis Freitag tags\u00fcber.<\/p>\n<p>[\/et_pb_toggle][et_pb_toggle title=&#8220;Ist die Arbeit k\u00f6rperlich anstrengend?&#8220; open_toggle_text_color=&#8220;#02203c&#8220; icon_color=&#8220;#004289&#8243; open_icon_color=&#8220;#004289&#8243; _builder_version=&#8220;4.27.0&#8243; _module_preset=&#8220;default&#8220; title_text_color=&#8220;#02203c&#8220; title_font=&#8220;Lato|600|||||||&#8220; title_font_size=&#8220;18px&#8220; closed_title_font=&#8220;Lato||||||||&#8220; closed_title_font_size=&#8220;18px&#8220; body_font=&#8220;Lato||||||||&#8220; body_font_size=&#8220;18px&#8220; custom_margin=&#8220;-15px|25px||25px|false|true&#8220; global_colors_info=&#8220;{}&#8220; background_color=&#8220;#edf5fc&#8220; body_text_color=&#8220;#02203c&#8220;]<\/p>\n<p>Es ist eine k\u00f6rperlich anstrengende Arbeit, da man viele Stunden am St\u00fcck f\u00e4hrt und im Durchschnitt 50 Stopps pro Woche einlegt, um alle Blumen und Pflanzen manuell in den Laden zu bringen.<\/p>\n<p>[\/et_pb_toggle][\/et_pb_column][\/et_pb_row][\/et_pb_section]<\/p>\n","protected":false},"excerpt":{"rendered":"<p>H\u00e4ufig gestellte FragenFAQFAQF\u00fcr die meisten Stellenangebote bei uns ist ein C- oder CE-F\u00fchrerschein erforderlich. F\u00fcr Bewerber mit einem C-F\u00fchrerschein gibt es die M\u00f6glichkeit, den CE-F\u00fchrerschein bei uns zu erwerben. Informieren Sie sich in unseren aktuellen Stellenangebote an, um den aktuellen Bedarf.Sollten Sie keine Erfahrung haben, ist es kein Problem. RVE hat ein umfangreiches Einarbeitungsprogramm, so [&hellip;]<\/p>\n","protected":false},"author":1,"featured_media":0,"parent":0,"menu_order":0,"comment_status":"closed","ping_status":"closed","template":"","meta":{"_et_pb_use_builder":"on","_et_pb_old_content":"","_et_gb_content_width":"","footnotes":""},"class_list":["post-1148","page","type-page","status-publish","hentry"],"yoast_head":"<!-- This site is optimized with the Yoast SEO plugin v27.4 - https:\/\/yoast.com\/product\/yoast-seo-wordpress\/ -->\n<title>H\u00e4ufig gestellte Fragen - RVE<\/title>\n<meta name=\"robots\" content=\"index, follow, max-snippet:-1, max-image-preview:large, max-video-preview:-1\" \/>\n<link rel=\"canonical\" href=\"https:\/\/werkenbijrve.nl\/veelgestelde-vragen\/\" \/>\n<meta property=\"og:locale\" content=\"de_DE\" \/>\n<meta property=\"og:type\" content=\"article\" \/>\n<meta property=\"og:title\" content=\"H\u00e4ufig gestellte Fragen - RVE\" \/>\n<meta property=\"og:description\" content=\"H\u00e4ufig gestellte FragenFAQFAQF\u00fcr die meisten Stellenangebote bei uns ist ein C- oder CE-F\u00fchrerschein erforderlich. F\u00fcr Bewerber mit einem C-F\u00fchrerschein gibt es die M\u00f6glichkeit, den CE-F\u00fchrerschein bei uns zu erwerben. Informieren Sie sich in unseren aktuellen Stellenangebote an, um den aktuellen Bedarf.Sollten Sie keine Erfahrung haben, ist es kein Problem. RVE hat ein umfangreiches Einarbeitungsprogramm, so [&hellip;]\" \/>\n<meta property=\"og:url\" content=\"https:\/\/werkenbijrve.nl\/veelgestelde-vragen\/\" \/>\n<meta property=\"og:site_name\" content=\"RVE\" \/>\n<meta property=\"article:modified_time\" content=\"2024-12-04T08:39:28+00:00\" \/>\n<meta name=\"twitter:card\" content=\"summary_large_image\" \/>\n<meta name=\"twitter:label1\" content=\"Gesch\u00e4tzte Lesezeit\" \/>\n\t<meta name=\"twitter:data1\" content=\"7\u00a0Minuten\" \/>\n<script type=\"application\/ld+json\" class=\"yoast-schema-graph\">{\"@context\":\"https:\\\/\\\/schema.org\",\"@graph\":[{\"@type\":\"WebPage\",\"@id\":\"https:\\\/\\\/werkenbijrve.nl\\\/veelgestelde-vragen\\\/\",\"url\":\"https:\\\/\\\/werkenbijrve.nl\\\/veelgestelde-vragen\\\/\",\"name\":\"H\u00e4ufig gestellte Fragen - RVE\",\"isPartOf\":{\"@id\":\"https:\\\/\\\/werkenbijrve.nl\\\/#website\"},\"datePublished\":\"2024-06-07T08:01:07+00:00\",\"dateModified\":\"2024-12-04T08:39:28+00:00\",\"breadcrumb\":{\"@id\":\"https:\\\/\\\/werkenbijrve.nl\\\/veelgestelde-vragen\\\/#breadcrumb\"},\"inLanguage\":\"de\",\"potentialAction\":[{\"@type\":\"ReadAction\",\"target\":[\"https:\\\/\\\/werkenbijrve.nl\\\/veelgestelde-vragen\\\/\"]}]},{\"@type\":\"BreadcrumbList\",\"@id\":\"https:\\\/\\\/werkenbijrve.nl\\\/veelgestelde-vragen\\\/#breadcrumb\",\"itemListElement\":[{\"@type\":\"ListItem\",\"position\":1,\"name\":\"Home\",\"item\":\"https:\\\/\\\/werkenbijrve.nl\\\/\"},{\"@type\":\"ListItem\",\"position\":2,\"name\":\"H\u00e4ufig gestellte Fragen\"}]},{\"@type\":\"WebSite\",\"@id\":\"https:\\\/\\\/werkenbijrve.nl\\\/#website\",\"url\":\"https:\\\/\\\/werkenbijrve.nl\\\/\",\"name\":\"RVE\",\"description\":\"Waar werken passie is\",\"potentialAction\":[{\"@type\":\"SearchAction\",\"target\":{\"@type\":\"EntryPoint\",\"urlTemplate\":\"https:\\\/\\\/werkenbijrve.nl\\\/?s={search_term_string}\"},\"query-input\":{\"@type\":\"PropertyValueSpecification\",\"valueRequired\":true,\"valueName\":\"search_term_string\"}}],\"inLanguage\":\"de\"}]}<\/script>\n<!-- \/ Yoast SEO plugin. -->","yoast_head_json":{"title":"H\u00e4ufig gestellte Fragen - RVE","robots":{"index":"index","follow":"follow","max-snippet":"max-snippet:-1","max-image-preview":"max-image-preview:large","max-video-preview":"max-video-preview:-1"},"canonical":"https:\/\/werkenbijrve.nl\/veelgestelde-vragen\/","og_locale":"de_DE","og_type":"article","og_title":"H\u00e4ufig gestellte Fragen - RVE","og_description":"H\u00e4ufig gestellte FragenFAQFAQF\u00fcr die meisten Stellenangebote bei uns ist ein C- oder CE-F\u00fchrerschein erforderlich. F\u00fcr Bewerber mit einem C-F\u00fchrerschein gibt es die M\u00f6glichkeit, den CE-F\u00fchrerschein bei uns zu erwerben. Informieren Sie sich in unseren aktuellen Stellenangebote an, um den aktuellen Bedarf.Sollten Sie keine Erfahrung haben, ist es kein Problem. RVE hat ein umfangreiches Einarbeitungsprogramm, so [&hellip;]","og_url":"https:\/\/werkenbijrve.nl\/veelgestelde-vragen\/","og_site_name":"RVE","article_modified_time":"2024-12-04T08:39:28+00:00","twitter_card":"summary_large_image","twitter_misc":{"Gesch\u00e4tzte Lesezeit":"7\u00a0Minuten"},"schema":{"@context":"https:\/\/schema.org","@graph":[{"@type":"WebPage","@id":"https:\/\/werkenbijrve.nl\/veelgestelde-vragen\/","url":"https:\/\/werkenbijrve.nl\/veelgestelde-vragen\/","name":"H\u00e4ufig gestellte Fragen - RVE","isPartOf":{"@id":"https:\/\/werkenbijrve.nl\/#website"},"datePublished":"2024-06-07T08:01:07+00:00","dateModified":"2024-12-04T08:39:28+00:00","breadcrumb":{"@id":"https:\/\/werkenbijrve.nl\/veelgestelde-vragen\/#breadcrumb"},"inLanguage":"de","potentialAction":[{"@type":"ReadAction","target":["https:\/\/werkenbijrve.nl\/veelgestelde-vragen\/"]}]},{"@type":"BreadcrumbList","@id":"https:\/\/werkenbijrve.nl\/veelgestelde-vragen\/#breadcrumb","itemListElement":[{"@type":"ListItem","position":1,"name":"Home","item":"https:\/\/werkenbijrve.nl\/"},{"@type":"ListItem","position":2,"name":"H\u00e4ufig gestellte Fragen"}]},{"@type":"WebSite","@id":"https:\/\/werkenbijrve.nl\/#website","url":"https:\/\/werkenbijrve.nl\/","name":"RVE","description":"Waar werken passie is","potentialAction":[{"@type":"SearchAction","target":{"@type":"EntryPoint","urlTemplate":"https:\/\/werkenbijrve.nl\/?s={search_term_string}"},"query-input":{"@type":"PropertyValueSpecification","valueRequired":true,"valueName":"search_term_string"}}],"inLanguage":"de"}]}},"_links":{"self":[{"href":"https:\/\/werkenbijrve.nl\/de\/wp-json\/wp\/v2\/pages\/1148","targetHints":{"allow":["GET"]}}],"collection":[{"href":"https:\/\/werkenbijrve.nl\/de\/wp-json\/wp\/v2\/pages"}],"about":[{"href":"https:\/\/werkenbijrve.nl\/de\/wp-json\/wp\/v2\/types\/page"}],"author":[{"embeddable":true,"href":"https:\/\/werkenbijrve.nl\/de\/wp-json\/wp\/v2\/users\/1"}],"replies":[{"embeddable":true,"href":"https:\/\/werkenbijrve.nl\/de\/wp-json\/wp\/v2\/comments?post=1148"}],"version-history":[{"count":5,"href":"https:\/\/werkenbijrve.nl\/de\/wp-json\/wp\/v2\/pages\/1148\/revisions"}],"predecessor-version":[{"id":1852,"href":"https:\/\/werkenbijrve.nl\/de\/wp-json\/wp\/v2\/pages\/1148\/revisions\/1852"}],"wp:attachment":[{"href":"https:\/\/werkenbijrve.nl\/de\/wp-json\/wp\/v2\/media?parent=1148"}],"curies":[{"name":"wp","href":"https:\/\/api.w.org\/{rel}","templated":true}]}}